{"id":3003,"date":"2025-01-31T14:22:32","date_gmt":"2025-01-31T12:22:32","guid":{"rendered":"https:\/\/patvorys.lt\/?page_id=3003"},"modified":"2025-07-11T13:27:46","modified_gmt":"2025-07-11T11:27:46","slug":"karjera","status":"publish","type":"page","link":"https:\/\/patvorys.lt\/en\/karjera\/","title":{"rendered":"Carreer"},"content":{"rendered":"<div data-elementor-type=\"wp-page\" data-elementor-id=\"3003\" class=\"elementor elementor-3003\" data-elementor-post-type=\"page\">\n\t\t\t\t<div class=\"elementor-element elementor-element-8608bb7 e-con-full e-flex e-con e-parent\" data-id=\"8608bb7\" data-element_type=\"container\" data-e-type=\"container\">\n\t\t\t\t<div class=\"elementor-element elementor-element-f07e6dd elementor-widget elementor-widget-heading\" data-id=\"f07e6dd\" data-element_type=\"widget\" data-e-type=\"widget\" data-widget_type=\"heading.default\">\n\t\t\t\t<div class=\"elementor-widget-container\">\n\t\t\t\t\t<h2 class=\"elementor-heading-title elementor-size-default\">Currently, the team would be strengthened by:<\/h2>\t\t\t\t<\/div>\n\t\t\t\t<\/div>\n\t\t\t\t<div class=\"elementor-element elementor-element-016780e elementor-widget elementor-widget-text-editor\" data-id=\"016780e\" data-element_type=\"widget\" data-e-type=\"widget\" data-widget_type=\"text-editor.default\">\n\t\t\t\t<div class=\"elementor-widget-container\">\n\t\t\t\t\t\t\t\t\t<p><strong>Production worker<\/strong><\/p>\t\t\t\t\t\t\t\t<\/div>\n\t\t\t\t<\/div>\n\t\t\t\t<div class=\"elementor-element elementor-element-049bffe elementor-widget-divider--view-line elementor-widget elementor-widget-divider\" data-id=\"049bffe\" data-element_type=\"widget\" data-e-type=\"widget\" data-widget_type=\"divider.default\">\n\t\t\t\t<div class=\"elementor-widget-container\">\n\t\t\t\t\t\t\t<div class=\"elementor-divider\">\n\t\t\t<span class=\"elementor-divider-separator\">\n\t\t\t\t\t\t<\/span>\n\t\t<\/div>\n\t\t\t\t\t\t<\/div>\n\t\t\t\t<\/div>\n\t\t\t\t<\/div>\n\t\t<div class=\"elementor-element elementor-element-cb56bb9 e-con-full e-flex e-con e-parent\" data-id=\"cb56bb9\" data-element_type=\"container\" data-e-type=\"container\">\n\t\t\t\t<div class=\"elementor-element elementor-element-fff0306 elementor-widget__width-inherit elementor-widget elementor-widget-flexitype-contact-form7\" data-id=\"fff0306\" data-element_type=\"widget\" data-e-type=\"widget\" data-widget_type=\"flexitype-contact-form7.default\">\n\t\t\t\t<div class=\"elementor-widget-container\">\n\t\t\t\t\t        <div class=\"flexitype-contact-form-wrapper\">\r\n            \n<div class=\"wpcf7 no-js\" id=\"wpcf7-f3012-o1\" lang=\"lt-LT\" dir=\"ltr\" data-wpcf7-id=\"3012\">\n<div class=\"screen-reader-response\"><p role=\"status\" aria-live=\"polite\" aria-atomic=\"true\"><\/p> <ul><\/ul><\/div>\n<form action=\"\/en\/wp-json\/wp\/v2\/pages\/3003#wpcf7-f3012-o1\" method=\"post\" class=\"wpcf7-form init\" aria-label=\"Kontakt\u0173 forma\" novalidate=\"novalidate\" data-status=\"init\" data-trp-original-action=\"\/en\/wp-json\/wp\/v2\/pages\/3003#wpcf7-f3012-o1\">\n<div style=\"display: none;\">\n<input type=\"hidden\" name=\"_wpcf7\" value=\"3012\" \/>\n<input type=\"hidden\" name=\"_wpcf7_version\" value=\"6.0.6\" \/>\n<input type=\"hidden\" name=\"_wpcf7_locale\" value=\"lt_LT\" \/>\n<input type=\"hidden\" name=\"_wpcf7_unit_tag\" value=\"wpcf7-f3012-o1\" \/>\n<input type=\"hidden\" name=\"_wpcf7_container_post\" value=\"0\" \/>\n<input type=\"hidden\" name=\"_wpcf7_posted_data_hash\" value=\"\" \/>\n<\/div>\n<label>Name:\n    <span class=\"wpcf7-form-control-wrap\" data-name=\"vardas\"><input size=\"40\" maxlength=\"400\" class=\"wpcf7-form-control wpcf7-text wpcf7-validates-as-required\" aria-required=\"true\" aria-invalid=\"false\" value=\"\" type=\"text\" name=\"vardas\" \/><\/span>\n<\/label>\n\n<label>Surname:\n    <span class=\"wpcf7-form-control-wrap\" data-name=\"pavarde\"><input size=\"40\" maxlength=\"400\" class=\"wpcf7-form-control wpcf7-text wpcf7-validates-as-required\" aria-required=\"true\" aria-invalid=\"false\" value=\"\" type=\"text\" name=\"pavarde\" \/><\/span>\n<\/label>\n\n<label>Phone number:\n    <span class=\"wpcf7-form-control-wrap\" data-name=\"telefonas\"><input size=\"40\" maxlength=\"400\" class=\"wpcf7-form-control wpcf7-tel wpcf7-validates-as-required wpcf7-text wpcf7-validates-as-tel\" aria-required=\"true\" aria-invalid=\"false\" value=\"\" type=\"tel\" name=\"telefonas\" \/><\/span>\n<\/label>\n\n<label>Email:\n    <span class=\"wpcf7-form-control-wrap\" data-name=\"el_pastas\"><input size=\"40\" maxlength=\"400\" class=\"wpcf7-form-control wpcf7-email wpcf7-validates-as-required wpcf7-text wpcf7-validates-as-email\" aria-required=\"true\" aria-invalid=\"false\" value=\"\" type=\"email\" name=\"el_pastas\" \/><\/span>\n<\/label>\n\n<label>Interested position:\n    <span class=\"wpcf7-form-control-wrap\" data-name=\"pozicija\"><input size=\"40\" maxlength=\"400\" class=\"wpcf7-form-control wpcf7-text wpcf7-validates-as-required\" aria-required=\"true\" aria-invalid=\"false\" value=\"\" type=\"text\" name=\"pozicija\" \/><\/span>\n<\/label>\n\n<label>Information about you and you job experience:\n    <span class=\"wpcf7-form-control-wrap\" data-name=\"informacija\"><textarea cols=\"40\" rows=\"10\" maxlength=\"2000\" class=\"wpcf7-form-control wpcf7-textarea wpcf7-validates-as-required\" aria-required=\"true\" aria-invalid=\"false\" name=\"informacija\"><\/textarea><\/span>\n<\/label>\n\n<input class=\"wpcf7-form-control wpcf7-submit has-spinner\" type=\"submit\" value=\"Send\" \/><div class=\"wpcf7-response-output\" aria-hidden=\"true\"><\/div>\n<input type=\"hidden\" name=\"trp-form-language\" value=\"en\"\/><\/form>\n<\/div>\n        <\/div>\r\n\r\n        \t\t\t\t<\/div>\n\t\t\t\t<\/div>\n\t\t\t\t<\/div>\n\t\t\t\t<\/div>","protected":false},"excerpt":{"rendered":"<p>\u0160iuo metu komand\u0105 sustiprint\u0173: Gamybos darbuotojas Vardas: Pavard\u0117: Telefono numeris: El. pa\u0161tas: Dominanti pozicija: Informacija apie jus ir J\u016bs\u0173 darbo patirt\u012f:<\/p>","protected":false},"author":1,"featured_media":3948,"parent":0,"menu_order":0,"comment_status":"closed","ping_status":"closed","template":"","meta":{"footnotes":""},"class_list":["post-3003","page","type-page","status-publish","has-post-thumbnail","hentry"],"yoast_head":"<!-- This site is optimized with the Yoast SEO plugin v24.8.1 - https:\/\/yoast.com\/wordpress\/plugins\/seo\/ -->\n<title>Karjera | Metalo tekinimas ir valcavimas \u2013 prisijunk!<\/title>\n<meta name=\"description\" content=\"Ie\u0161kai darbo su metalo tekinimu ar metalo valcavimu? Prisijunk prie profesional\u0173 komandos ir augink karjer\u0105 kartu su mumis.\" \/>\n<meta name=\"robots\" content=\"index, follow, max-snippet:-1, max-image-preview:large, max-video-preview:-1\" \/>\n<link rel=\"canonical\" href=\"https:\/\/patvorys.lt\/en\/karjera\/\" \/>\n<meta property=\"og:locale\" content=\"en_US\" \/>\n<meta property=\"og:type\" content=\"article\" \/>\n<meta property=\"og:title\" content=\"Karjera | Metalo tekinimas ir valcavimas \u2013 prisijunk!\" \/>\n<meta property=\"og:description\" content=\"Ie\u0161kai darbo su metalo tekinimu ar metalo valcavimu? Prisijunk prie profesional\u0173 komandos ir augink karjer\u0105 kartu su mumis.\" \/>\n<meta property=\"og:url\" content=\"https:\/\/patvorys.lt\/en\/karjera\/\" \/>\n<meta property=\"og:site_name\" content=\"Patvorys\" \/>\n<meta property=\"article:modified_time\" content=\"2025-07-11T11:27:46+00:00\" \/>\n<meta property=\"og:image\" content=\"https:\/\/patvorys.lt\/wp-content\/uploads\/2025\/07\/metalo-tekinimas-patvorys-scaled.jpg\" \/>\n\t<meta property=\"og:image:width\" content=\"2560\" \/>\n\t<meta property=\"og:image:height\" content=\"1707\" \/>\n\t<meta property=\"og:image:type\" content=\"image\/jpeg\" \/>\n<meta name=\"twitter:card\" content=\"summary_large_image\" \/>\n<meta name=\"twitter:label1\" content=\"Est. reading time\" \/>\n\t<meta name=\"twitter:data1\" content=\"1 minute\" \/>\n<script type=\"application\/ld+json\" class=\"yoast-schema-graph\">{\"@context\":\"https:\/\/schema.org\",\"@graph\":[{\"@type\":\"WebPage\",\"@id\":\"https:\/\/patvorys.lt\/karjera\/\",\"url\":\"https:\/\/patvorys.lt\/karjera\/\",\"name\":\"Karjera | Metalo tekinimas ir valcavimas \u2013 prisijunk!\",\"isPartOf\":{\"@id\":\"https:\/\/patvorys.lt\/#website\"},\"primaryImageOfPage\":{\"@id\":\"https:\/\/patvorys.lt\/karjera\/#primaryimage\"},\"image\":{\"@id\":\"https:\/\/patvorys.lt\/karjera\/#primaryimage\"},\"thumbnailUrl\":\"https:\/\/patvorys.lt\/wp-content\/uploads\/2025\/07\/metalo-tekinimas-patvorys-scaled.jpg\",\"datePublished\":\"2025-01-31T12:22:32+00:00\",\"dateModified\":\"2025-07-11T11:27:46+00:00\",\"description\":\"Ie\u0161kai darbo su metalo tekinimu ar metalo valcavimu? Prisijunk prie profesional\u0173 komandos ir augink karjer\u0105 kartu su mumis.\",\"breadcrumb\":{\"@id\":\"https:\/\/patvorys.lt\/karjera\/#breadcrumb\"},\"inLanguage\":\"en-US\",\"potentialAction\":[{\"@type\":\"ReadAction\",\"target\":[\"https:\/\/patvorys.lt\/karjera\/\"]}]},{\"@type\":\"ImageObject\",\"inLanguage\":\"en-US\",\"@id\":\"https:\/\/patvorys.lt\/karjera\/#primaryimage\",\"url\":\"https:\/\/patvorys.lt\/wp-content\/uploads\/2025\/07\/metalo-tekinimas-patvorys-scaled.jpg\",\"contentUrl\":\"https:\/\/patvorys.lt\/wp-content\/uploads\/2025\/07\/metalo-tekinimas-patvorys-scaled.jpg\",\"width\":2560,\"height\":1707,\"caption\":\"Metalo tekinimas | Patvorys\"},{\"@type\":\"BreadcrumbList\",\"@id\":\"https:\/\/patvorys.lt\/karjera\/#breadcrumb\",\"itemListElement\":[{\"@type\":\"ListItem\",\"position\":1,\"name\":\"Home\",\"item\":\"https:\/\/patvorys.lt\/\"},{\"@type\":\"ListItem\",\"position\":2,\"name\":\"Karjera\"}]},{\"@type\":\"WebSite\",\"@id\":\"https:\/\/patvorys.lt\/#website\",\"url\":\"https:\/\/patvorys.lt\/\",\"name\":\"Patvorys\",\"description\":\"Armat\u016bros lankstiniai, karkasai gel\u017ebetonin\u0117ms kontrukcijoms\",\"publisher\":{\"@id\":\"https:\/\/patvorys.lt\/#organization\"},\"potentialAction\":[{\"@type\":\"SearchAction\",\"target\":{\"@type\":\"EntryPoint\",\"urlTemplate\":\"https:\/\/patvorys.lt\/?s={search_term_string}\"},\"query-input\":{\"@type\":\"PropertyValueSpecification\",\"valueRequired\":true,\"valueName\":\"search_term_string\"}}],\"inLanguage\":\"en-US\"},{\"@type\":\"Organization\",\"@id\":\"https:\/\/patvorys.lt\/#organization\",\"name\":\"Patvorys\",\"url\":\"https:\/\/patvorys.lt\/\",\"logo\":{\"@type\":\"ImageObject\",\"inLanguage\":\"en-US\",\"@id\":\"https:\/\/patvorys.lt\/#\/schema\/logo\/image\/\",\"url\":\"https:\/\/patvorys.lt\/wp-content\/uploads\/2024\/09\/patvorys_logo_update.png\",\"contentUrl\":\"https:\/\/patvorys.lt\/wp-content\/uploads\/2024\/09\/patvorys_logo_update.png\",\"width\":685,\"height\":167,\"caption\":\"Patvorys\"},\"image\":{\"@id\":\"https:\/\/patvorys.lt\/#\/schema\/logo\/image\/\"}}]}<\/script>\n<!-- \/ Yoast SEO plugin. -->","yoast_head_json":{"title":"Karjera | Metalo tekinimas ir valcavimas \u2013 prisijunk!","description":"Ie\u0161kai darbo su metalo tekinimu ar metalo valcavimu? Prisijunk prie profesional\u0173 komandos ir augink karjer\u0105 kartu su mumis.","robots":{"index":"index","follow":"follow","max-snippet":"max-snippet:-1","max-image-preview":"max-image-preview:large","max-video-preview":"max-video-preview:-1"},"canonical":"https:\/\/patvorys.lt\/en\/karjera\/","og_locale":"en_US","og_type":"article","og_title":"Karjera | Metalo tekinimas ir valcavimas \u2013 prisijunk!","og_description":"Ie\u0161kai darbo su metalo tekinimu ar metalo valcavimu? Prisijunk prie profesional\u0173 komandos ir augink karjer\u0105 kartu su mumis.","og_url":"https:\/\/patvorys.lt\/en\/karjera\/","og_site_name":"Patvorys","article_modified_time":"2025-07-11T11:27:46+00:00","og_image":[{"width":2560,"height":1707,"url":"https:\/\/patvorys.lt\/wp-content\/uploads\/2025\/07\/metalo-tekinimas-patvorys-scaled.jpg","type":"image\/jpeg"}],"twitter_card":"summary_large_image","twitter_misc":{"Est. reading time":"1 minute"},"schema":{"@context":"https:\/\/schema.org","@graph":[{"@type":"WebPage","@id":"https:\/\/patvorys.lt\/karjera\/","url":"https:\/\/patvorys.lt\/karjera\/","name":"Karjera | Metalo tekinimas ir valcavimas \u2013 prisijunk!","isPartOf":{"@id":"https:\/\/patvorys.lt\/#website"},"primaryImageOfPage":{"@id":"https:\/\/patvorys.lt\/karjera\/#primaryimage"},"image":{"@id":"https:\/\/patvorys.lt\/karjera\/#primaryimage"},"thumbnailUrl":"https:\/\/patvorys.lt\/wp-content\/uploads\/2025\/07\/metalo-tekinimas-patvorys-scaled.jpg","datePublished":"2025-01-31T12:22:32+00:00","dateModified":"2025-07-11T11:27:46+00:00","description":"Ie\u0161kai darbo su metalo tekinimu ar metalo valcavimu? Prisijunk prie profesional\u0173 komandos ir augink karjer\u0105 kartu su mumis.","breadcrumb":{"@id":"https:\/\/patvorys.lt\/karjera\/#breadcrumb"},"inLanguage":"en-US","potentialAction":[{"@type":"ReadAction","target":["https:\/\/patvorys.lt\/karjera\/"]}]},{"@type":"ImageObject","inLanguage":"en-US","@id":"https:\/\/patvorys.lt\/karjera\/#primaryimage","url":"https:\/\/patvorys.lt\/wp-content\/uploads\/2025\/07\/metalo-tekinimas-patvorys-scaled.jpg","contentUrl":"https:\/\/patvorys.lt\/wp-content\/uploads\/2025\/07\/metalo-tekinimas-patvorys-scaled.jpg","width":2560,"height":1707,"caption":"Metalo tekinimas | Patvorys"},{"@type":"BreadcrumbList","@id":"https:\/\/patvorys.lt\/karjera\/#breadcrumb","itemListElement":[{"@type":"ListItem","position":1,"name":"Home","item":"https:\/\/patvorys.lt\/"},{"@type":"ListItem","position":2,"name":"Karjera"}]},{"@type":"WebSite","@id":"https:\/\/patvorys.lt\/#website","url":"https:\/\/patvorys.lt\/","name":"Patvorys","description":"Armat\u016bros lankstiniai, karkasai gel\u017ebetonin\u0117ms kontrukcijoms","publisher":{"@id":"https:\/\/patvorys.lt\/#organization"},"potentialAction":[{"@type":"SearchAction","target":{"@type":"EntryPoint","urlTemplate":"https:\/\/patvorys.lt\/?s={search_term_string}"},"query-input":{"@type":"PropertyValueSpecification","valueRequired":true,"valueName":"search_term_string"}}],"inLanguage":"en-US"},{"@type":"Organization","@id":"https:\/\/patvorys.lt\/#organization","name":"Patvorys","url":"https:\/\/patvorys.lt\/","logo":{"@type":"ImageObject","inLanguage":"en-US","@id":"https:\/\/patvorys.lt\/#\/schema\/logo\/image\/","url":"https:\/\/patvorys.lt\/wp-content\/uploads\/2024\/09\/patvorys_logo_update.png","contentUrl":"https:\/\/patvorys.lt\/wp-content\/uploads\/2024\/09\/patvorys_logo_update.png","width":685,"height":167,"caption":"Patvorys"},"image":{"@id":"https:\/\/patvorys.lt\/#\/schema\/logo\/image\/"}}]}},"_links":{"self":[{"href":"https:\/\/patvorys.lt\/en\/wp-json\/wp\/v2\/pages\/3003","targetHints":{"allow":["GET"]}}],"collection":[{"href":"https:\/\/patvorys.lt\/en\/wp-json\/wp\/v2\/pages"}],"about":[{"href":"https:\/\/patvorys.lt\/en\/wp-json\/wp\/v2\/types\/page"}],"author":[{"embeddable":true,"href":"https:\/\/patvorys.lt\/en\/wp-json\/wp\/v2\/users\/1"}],"replies":[{"embeddable":true,"href":"https:\/\/patvorys.lt\/en\/wp-json\/wp\/v2\/comments?post=3003"}],"version-history":[{"count":31,"href":"https:\/\/patvorys.lt\/en\/wp-json\/wp\/v2\/pages\/3003\/revisions"}],"predecessor-version":[{"id":3040,"href":"https:\/\/patvorys.lt\/en\/wp-json\/wp\/v2\/pages\/3003\/revisions\/3040"}],"wp:featuredmedia":[{"embeddable":true,"href":"https:\/\/patvorys.lt\/en\/wp-json\/wp\/v2\/media\/3948"}],"wp:attachment":[{"href":"https:\/\/patvorys.lt\/en\/wp-json\/wp\/v2\/media?parent=3003"}],"curies":[{"name":"wp","href":"https:\/\/api.w.org\/{rel}","templated":true}]}}