{"id":20,"date":"2024-09-22T11:31:18","date_gmt":"2024-09-22T11:31:18","guid":{"rendered":"https:\/\/buildgo.themeori.com\/?page_id=20"},"modified":"2025-07-11T13:11:46","modified_gmt":"2025-07-11T11:11:46","slug":"duk","status":"publish","type":"page","link":"https:\/\/patvorys.lt\/en\/duk\/","title":{"rendered":"D.U.K"},"content":{"rendered":"<div data-elementor-type=\"wp-page\" data-elementor-id=\"20\" class=\"elementor elementor-20\" data-elementor-post-type=\"page\">\n\t\t\t\t\t\t<section class=\"elementor-section elementor-top-section elementor-element elementor-element-4d7037c elementor-section-boxed elementor-section-height-default elementor-section-height-default\" data-id=\"4d7037c\" data-element_type=\"section\">\n\t\t\t\t\t\t<div class=\"elementor-container elementor-column-gap-default\">\n\t\t\t\t\t<div class=\"elementor-column elementor-col-100 elementor-top-column elementor-element elementor-element-c87b715\" data-id=\"c87b715\" data-element_type=\"column\">\n\t\t\t<div class=\"elementor-widget-wrap elementor-element-populated\">\n\t\t\t\t\t\t<div class=\"elementor-element elementor-element-e0a05f6 elementor-widget elementor-widget-flexitype-advanced-accordion\" data-id=\"e0a05f6\" data-element_type=\"widget\" data-widget_type=\"flexitype-advanced-accordion.default\">\n\t\t\t\t<div class=\"elementor-widget-container\">\n\t\t\t\t\t            <div class=\"accordion\">\n                                    <div class=\"accordion_area-item accordion_item-193\">\n                        <div class=\"accordion_area-item-title icon_end\">                            \n                            <p class=\"h6\">\n                                                                Can I return construction materials if I order too much?                            <\/p>\n                                                            <span class=\"accordion-icon-close\"><i class=\"fas fa-plus\"><\/i><\/span>\n                                                                                        <span class=\"accordion-icon-open\"><i class=\"fas fa-minus\"><\/i><\/span>\n                                                 \n                        <\/div>\n                        <div class=\"accordion_area-item-body\">\n                                                                <p>Yes, many suppliers allow returns of unused construction materials, but the policy can vary. Here\u2019s what you should consider:<\/p>\n<ul>\n<li><strong>Check the Policy:<\/strong> Review the supplier's return policy regarding unused materials.<\/li>\n<li><strong>Time Limit:<\/strong> There may be a time limit for returns, so act quickly.<\/li>\n<li><strong>Condition of Materials:<\/strong> Ensure that the materials are in their original, unused condition.<\/li>\n<li><strong>Restocking Fees:<\/strong> Be aware that some suppliers may charge a restocking fee.<\/li>\n<li><strong>Documentation:<\/strong> Keep your purchase receipt and any necessary documentation for the return process.<\/li>\n<\/ul>\n                                                        <\/div>\n                    <\/div>\n                                    <div class=\"accordion_area-item accordion_item-193\">\n                        <div class=\"accordion_area-item-title icon_end active\">                            \n                            <p class=\"h6\">\n                                                                What should I do if I receive damaged construction materials?                            <\/p>\n                                                            <span class=\"accordion-icon-close\"><i class=\"fas fa-plus\"><\/i><\/span>\n                                                                                        <span class=\"accordion-icon-open\"><i class=\"fas fa-minus\"><\/i><\/span>\n                                                 \n                        <\/div>\n                        <div class=\"accordion_area-item-body\">\n                                                                <p>The cost of construction materials can be influenced by several factors, including:<\/p>\n<ul>\n<li><strong>Supply and Demand:<\/strong> Fluctuations in demand or shortages in supply can lead to price increases.<\/li>\n<li><strong>Material Type:<\/strong> Different materials have varying costs based on quality and availability.<\/li>\n<li><strong>Location:<\/strong> Transportation costs can vary depending on how far the materials need to be shipped.<\/li>\n<li><strong>Market Trends:<\/strong> Economic conditions and market trends can impact prices.<\/li>\n<li><strong>Seasonality:<\/strong> Certain materials may be cheaper during off-peak seasons.<\/li>\n<\/ul>\n                                                        <\/div>\n                    <\/div>\n                                    <div class=\"accordion_area-item accordion_item-193\">\n                        <div class=\"accordion_area-item-title icon_end\">                            \n                            <p class=\"h6\">\n                                                                Are there any eco-friendly options for construction materials?                            <\/p>\n                                                            <span class=\"accordion-icon-close\"><i class=\"fas fa-plus\"><\/i><\/span>\n                                                                                        <span class=\"accordion-icon-open\"><i class=\"fas fa-minus\"><\/i><\/span>\n                                                 \n                        <\/div>\n                        <div class=\"accordion_area-item-body\">\n                                                                <p>Yes, there are several eco-friendly options for construction materials, including:<\/p>\n<ul>\n<li><strong>Recycled Materials:<\/strong> Use materials made from recycled products, such as recycled steel and glass.<\/li>\n<li><strong>Sustainable Wood:<\/strong> Opt for wood sourced from sustainably managed forests.<\/li>\n<li><strong>Low-VOC Products:<\/strong> Choose paints, adhesives, and finishes that have low volatile organic compounds (VOCs).<\/li>\n<li><strong>Insulation Options:<\/strong> Consider eco-friendly insulation materials like cellulose or sheep's wool.<\/li>\n<li><strong>Green Certifications:<\/strong> Look for materials that have certifications such as LEED (Leadership in Energy and Environmental Design).<\/li>\n<\/ul>\n                                                        <\/div>\n                    <\/div>\n                                    <div class=\"accordion_area-item accordion_item-193\">\n                        <div class=\"accordion_area-item-title icon_end\">                            \n                            <p class=\"h6\">\n                                                                How should I prepare for the delivery of construction materials?                            <\/p>\n                                                            <span class=\"accordion-icon-close\"><i class=\"fas fa-plus\"><\/i><\/span>\n                                                                                        <span class=\"accordion-icon-open\"><i class=\"fas fa-minus\"><\/i><\/span>\n                                                 \n                        <\/div>\n                        <div class=\"accordion_area-item-body\">\n                                                                <p>To prepare for the delivery of construction materials, you should:<\/p>\n<ul>\n<li><strong>Clear Access:<\/strong> Ensure that the delivery area is clear of obstacles for easy access.<\/li>\n<li><strong>Schedule Delivery:<\/strong> Coordinate the delivery timing to align with your project schedule.<\/li>\n<li><strong>Check Inventory:<\/strong> Confirm the quantities of materials ordered to avoid discrepancies.<\/li>\n<li><strong>Provide Contact Info:<\/strong> Share contact information with the delivery driver for any necessary communication.<\/li>\n<li><strong>Inspect Upon Arrival:<\/strong> Check the materials for damage upon delivery to address any issues immediately.<\/li>\n<\/ul>\n                                                        <\/div>\n                    <\/div>\n                                    <div class=\"accordion_area-item accordion_item-193\">\n                        <div class=\"accordion_area-item-title icon_end\">                            \n                            <p class=\"h6\">\n                                                                What factors can affect the cost of construction materials?                            <\/p>\n                                                            <span class=\"accordion-icon-close\"><i class=\"fas fa-plus\"><\/i><\/span>\n                                                                                        <span class=\"accordion-icon-open\"><i class=\"fas fa-minus\"><\/i><\/span>\n                                                 \n                        <\/div>\n                        <div class=\"accordion_area-item-body\">\n                                                                <p>The cost of construction materials can be influenced by several factors, including:<\/p>\n<ul>\n<li><strong>Supply and Demand:<\/strong> Fluctuations in demand or shortages in supply can lead to price increases.<\/li>\n<li><strong>Material Type:<\/strong> Different materials have varying costs based on quality and availability.<\/li>\n<li><strong>Location:<\/strong> Transportation costs can vary depending on how far the materials need to be shipped.<\/li>\n<li><strong>Market Trends:<\/strong> Economic conditions and market trends can impact prices.<\/li>\n<li><strong>Seasonality:<\/strong> Certain materials may be cheaper during off-peak seasons.<\/li>\n<\/ul>\n                                                        <\/div>\n                    <\/div>\n                            <\/div>\n            <script>\n                (function ($) {\n                    \"use strict\"; \n                    $(document).ready(function(){\n                        $(\".accordion_item-193 .accordion_area-item-title.active\").closest('.accordion_item-193').addClass('active').find('.accordion_area-item-body').show();\n                        $(\".accordion_item-193 .accordion_area-item-title\").click(function(){\n                            var $toggle = $(this).closest('.accordion_item-193');\n                                \n                            $(\".accordion_item-193 .accordion_area-item-title\").not(this).removeClass(\"active\");\n                            $(\".accordion_item-193\").not($toggle).removeClass('active').find('.accordion_area-item-body').slideUp(300);\n\n                            $(this).toggleClass(\"active\");\n                            $toggle.toggleClass('active').find('.accordion_area-item-body').slideToggle(300);\n                        });\n                    });\n                })(jQuery);\n            <\/script>\n        \t\t\t\t<\/div>\n\t\t\t\t<\/div>\n\t\t\t\t\t<\/div>\n\t\t<\/div>\n\t\t\t\t\t<\/div>\n\t\t<\/section>\n\t\t\t\t<\/div>","protected":false},"excerpt":{"rendered":"<p>Can I return construction materials if I order too much? Yes, many suppliers allow returns of unused construction materials, but the policy can vary. Here\u2019s what you should consider: Check the Policy: Review the supplier&#8217;s return policy regarding unused materials. Time Limit: There may be a time limit for returns, so act quickly. Condition of [&hellip;]<\/p>","protected":false},"author":1,"featured_media":3945,"parent":0,"menu_order":0,"comment_status":"closed","ping_status":"closed","template":"page-builder.php","meta":{"footnotes":""},"class_list":["post-20","page","type-page","status-publish","has-post-thumbnail","hentry"],"yoast_head":"<!-- This site is optimized with the Yoast SEO plugin v24.8.1 - https:\/\/yoast.com\/wordpress\/plugins\/seo\/ -->\n<title>Da\u017eniausiai u\u017eduodami klausimai | Plok\u0161teli\u0173 pjovimas lazeriu<\/title>\n<meta name=\"description\" content=\"Raskite atsakymus apie paslaugas, kainas ir plok\u0161teli\u0173 pjovim\u0105 lazeriu. Trumpai ir ai\u0161kiai \u2013 viskas, k\u0105 reikia \u017einoti vienoje vietoje.\" \/>\n<meta name=\"robots\" content=\"index, follow, max-snippet:-1, max-image-preview:large, max-video-preview:-1\" \/>\n<link rel=\"canonical\" href=\"https:\/\/patvorys.lt\/en\/duk\/\" \/>\n<meta property=\"og:locale\" content=\"en_US\" \/>\n<meta property=\"og:type\" content=\"article\" \/>\n<meta property=\"og:title\" content=\"Da\u017eniausiai u\u017eduodami klausimai | Plok\u0161teli\u0173 pjovimas lazeriu\" \/>\n<meta property=\"og:description\" content=\"Raskite atsakymus apie paslaugas, kainas ir plok\u0161teli\u0173 pjovim\u0105 lazeriu. Trumpai ir ai\u0161kiai \u2013 viskas, k\u0105 reikia \u017einoti vienoje vietoje.\" \/>\n<meta property=\"og:url\" content=\"https:\/\/patvorys.lt\/en\/duk\/\" \/>\n<meta property=\"og:site_name\" content=\"Patvorys\" \/>\n<meta property=\"article:modified_time\" content=\"2025-07-11T11:11:46+00:00\" \/>\n<meta property=\"og:image\" content=\"https:\/\/patvorys.lt\/wp-content\/uploads\/2025\/07\/ploksteliu-pjovimas-lazeriu-patvorys-scaled.jpg\" \/>\n\t<meta property=\"og:image:width\" content=\"2560\" \/>\n\t<meta property=\"og:image:height\" content=\"1707\" \/>\n\t<meta property=\"og:image:type\" content=\"image\/jpeg\" \/>\n<meta name=\"twitter:card\" content=\"summary_large_image\" \/>\n<meta name=\"twitter:label1\" content=\"Est. reading time\" \/>\n\t<meta name=\"twitter:data1\" content=\"3 minutes\" \/>\n<script type=\"application\/ld+json\" class=\"yoast-schema-graph\">{\"@context\":\"https:\/\/schema.org\",\"@graph\":[{\"@type\":\"WebPage\",\"@id\":\"https:\/\/patvorys.lt\/duk\/\",\"url\":\"https:\/\/patvorys.lt\/duk\/\",\"name\":\"Da\u017eniausiai u\u017eduodami klausimai | Plok\u0161teli\u0173 pjovimas lazeriu\",\"isPartOf\":{\"@id\":\"https:\/\/patvorys.lt\/#website\"},\"primaryImageOfPage\":{\"@id\":\"https:\/\/patvorys.lt\/duk\/#primaryimage\"},\"image\":{\"@id\":\"https:\/\/patvorys.lt\/duk\/#primaryimage\"},\"thumbnailUrl\":\"https:\/\/patvorys.lt\/wp-content\/uploads\/2025\/07\/ploksteliu-pjovimas-lazeriu-patvorys-scaled.jpg\",\"datePublished\":\"2024-09-22T11:31:18+00:00\",\"dateModified\":\"2025-07-11T11:11:46+00:00\",\"description\":\"Raskite atsakymus apie paslaugas, kainas ir plok\u0161teli\u0173 pjovim\u0105 lazeriu. Trumpai ir ai\u0161kiai \u2013 viskas, k\u0105 reikia \u017einoti vienoje vietoje.\",\"breadcrumb\":{\"@id\":\"https:\/\/patvorys.lt\/duk\/#breadcrumb\"},\"inLanguage\":\"en-US\",\"potentialAction\":[{\"@type\":\"ReadAction\",\"target\":[\"https:\/\/patvorys.lt\/duk\/\"]}]},{\"@type\":\"ImageObject\",\"inLanguage\":\"en-US\",\"@id\":\"https:\/\/patvorys.lt\/duk\/#primaryimage\",\"url\":\"https:\/\/patvorys.lt\/wp-content\/uploads\/2025\/07\/ploksteliu-pjovimas-lazeriu-patvorys-scaled.jpg\",\"contentUrl\":\"https:\/\/patvorys.lt\/wp-content\/uploads\/2025\/07\/ploksteliu-pjovimas-lazeriu-patvorys-scaled.jpg\",\"width\":2560,\"height\":1707,\"caption\":\"Plok\u0161teli\u0173 pjovimas lazeriu | Patvorys\"},{\"@type\":\"BreadcrumbList\",\"@id\":\"https:\/\/patvorys.lt\/duk\/#breadcrumb\",\"itemListElement\":[{\"@type\":\"ListItem\",\"position\":1,\"name\":\"Home\",\"item\":\"https:\/\/patvorys.lt\/\"},{\"@type\":\"ListItem\",\"position\":2,\"name\":\"D.U.K\"}]},{\"@type\":\"WebSite\",\"@id\":\"https:\/\/patvorys.lt\/#website\",\"url\":\"https:\/\/patvorys.lt\/\",\"name\":\"Patvorys\",\"description\":\"Armat\u016bros lankstiniai, karkasai gel\u017ebetonin\u0117ms kontrukcijoms\",\"publisher\":{\"@id\":\"https:\/\/patvorys.lt\/#organization\"},\"potentialAction\":[{\"@type\":\"SearchAction\",\"target\":{\"@type\":\"EntryPoint\",\"urlTemplate\":\"https:\/\/patvorys.lt\/?s={search_term_string}\"},\"query-input\":{\"@type\":\"PropertyValueSpecification\",\"valueRequired\":true,\"valueName\":\"search_term_string\"}}],\"inLanguage\":\"en-US\"},{\"@type\":\"Organization\",\"@id\":\"https:\/\/patvorys.lt\/#organization\",\"name\":\"Patvorys\",\"url\":\"https:\/\/patvorys.lt\/\",\"logo\":{\"@type\":\"ImageObject\",\"inLanguage\":\"en-US\",\"@id\":\"https:\/\/patvorys.lt\/#\/schema\/logo\/image\/\",\"url\":\"https:\/\/patvorys.lt\/wp-content\/uploads\/2024\/09\/patvorys_logo_update.png\",\"contentUrl\":\"https:\/\/patvorys.lt\/wp-content\/uploads\/2024\/09\/patvorys_logo_update.png\",\"width\":685,\"height\":167,\"caption\":\"Patvorys\"},\"image\":{\"@id\":\"https:\/\/patvorys.lt\/#\/schema\/logo\/image\/\"}}]}<\/script>\n<!-- \/ Yoast SEO plugin. -->","yoast_head_json":{"title":"Da\u017eniausiai u\u017eduodami klausimai | Plok\u0161teli\u0173 pjovimas lazeriu","description":"Raskite atsakymus apie paslaugas, kainas ir plok\u0161teli\u0173 pjovim\u0105 lazeriu. Trumpai ir ai\u0161kiai \u2013 viskas, k\u0105 reikia \u017einoti vienoje vietoje.","robots":{"index":"index","follow":"follow","max-snippet":"max-snippet:-1","max-image-preview":"max-image-preview:large","max-video-preview":"max-video-preview:-1"},"canonical":"https:\/\/patvorys.lt\/en\/duk\/","og_locale":"en_US","og_type":"article","og_title":"Da\u017eniausiai u\u017eduodami klausimai | Plok\u0161teli\u0173 pjovimas lazeriu","og_description":"Raskite atsakymus apie paslaugas, kainas ir plok\u0161teli\u0173 pjovim\u0105 lazeriu. Trumpai ir ai\u0161kiai \u2013 viskas, k\u0105 reikia \u017einoti vienoje vietoje.","og_url":"https:\/\/patvorys.lt\/en\/duk\/","og_site_name":"Patvorys","article_modified_time":"2025-07-11T11:11:46+00:00","og_image":[{"width":2560,"height":1707,"url":"https:\/\/patvorys.lt\/wp-content\/uploads\/2025\/07\/ploksteliu-pjovimas-lazeriu-patvorys-scaled.jpg","type":"image\/jpeg"}],"twitter_card":"summary_large_image","twitter_misc":{"Est. reading time":"3 minutes"},"schema":{"@context":"https:\/\/schema.org","@graph":[{"@type":"WebPage","@id":"https:\/\/patvorys.lt\/duk\/","url":"https:\/\/patvorys.lt\/duk\/","name":"Da\u017eniausiai u\u017eduodami klausimai | Plok\u0161teli\u0173 pjovimas lazeriu","isPartOf":{"@id":"https:\/\/patvorys.lt\/#website"},"primaryImageOfPage":{"@id":"https:\/\/patvorys.lt\/duk\/#primaryimage"},"image":{"@id":"https:\/\/patvorys.lt\/duk\/#primaryimage"},"thumbnailUrl":"https:\/\/patvorys.lt\/wp-content\/uploads\/2025\/07\/ploksteliu-pjovimas-lazeriu-patvorys-scaled.jpg","datePublished":"2024-09-22T11:31:18+00:00","dateModified":"2025-07-11T11:11:46+00:00","description":"Raskite atsakymus apie paslaugas, kainas ir plok\u0161teli\u0173 pjovim\u0105 lazeriu. Trumpai ir ai\u0161kiai \u2013 viskas, k\u0105 reikia \u017einoti vienoje vietoje.","breadcrumb":{"@id":"https:\/\/patvorys.lt\/duk\/#breadcrumb"},"inLanguage":"en-US","potentialAction":[{"@type":"ReadAction","target":["https:\/\/patvorys.lt\/duk\/"]}]},{"@type":"ImageObject","inLanguage":"en-US","@id":"https:\/\/patvorys.lt\/duk\/#primaryimage","url":"https:\/\/patvorys.lt\/wp-content\/uploads\/2025\/07\/ploksteliu-pjovimas-lazeriu-patvorys-scaled.jpg","contentUrl":"https:\/\/patvorys.lt\/wp-content\/uploads\/2025\/07\/ploksteliu-pjovimas-lazeriu-patvorys-scaled.jpg","width":2560,"height":1707,"caption":"Plok\u0161teli\u0173 pjovimas lazeriu | Patvorys"},{"@type":"BreadcrumbList","@id":"https:\/\/patvorys.lt\/duk\/#breadcrumb","itemListElement":[{"@type":"ListItem","position":1,"name":"Home","item":"https:\/\/patvorys.lt\/"},{"@type":"ListItem","position":2,"name":"D.U.K"}]},{"@type":"WebSite","@id":"https:\/\/patvorys.lt\/#website","url":"https:\/\/patvorys.lt\/","name":"Patvorys","description":"Armat\u016bros lankstiniai, karkasai gel\u017ebetonin\u0117ms kontrukcijoms","publisher":{"@id":"https:\/\/patvorys.lt\/#organization"},"potentialAction":[{"@type":"SearchAction","target":{"@type":"EntryPoint","urlTemplate":"https:\/\/patvorys.lt\/?s={search_term_string}"},"query-input":{"@type":"PropertyValueSpecification","valueRequired":true,"valueName":"search_term_string"}}],"inLanguage":"en-US"},{"@type":"Organization","@id":"https:\/\/patvorys.lt\/#organization","name":"Patvorys","url":"https:\/\/patvorys.lt\/","logo":{"@type":"ImageObject","inLanguage":"en-US","@id":"https:\/\/patvorys.lt\/#\/schema\/logo\/image\/","url":"https:\/\/patvorys.lt\/wp-content\/uploads\/2024\/09\/patvorys_logo_update.png","contentUrl":"https:\/\/patvorys.lt\/wp-content\/uploads\/2024\/09\/patvorys_logo_update.png","width":685,"height":167,"caption":"Patvorys"},"image":{"@id":"https:\/\/patvorys.lt\/#\/schema\/logo\/image\/"}}]}},"_links":{"self":[{"href":"https:\/\/patvorys.lt\/en\/wp-json\/wp\/v2\/pages\/20","targetHints":{"allow":["GET"]}}],"collection":[{"href":"https:\/\/patvorys.lt\/en\/wp-json\/wp\/v2\/pages"}],"about":[{"href":"https:\/\/patvorys.lt\/en\/wp-json\/wp\/v2\/types\/page"}],"author":[{"embeddable":true,"href":"https:\/\/patvorys.lt\/en\/wp-json\/wp\/v2\/users\/1"}],"replies":[{"embeddable":true,"href":"https:\/\/patvorys.lt\/en\/wp-json\/wp\/v2\/comments?post=20"}],"version-history":[{"count":1,"href":"https:\/\/patvorys.lt\/en\/wp-json\/wp\/v2\/pages\/20\/revisions"}],"predecessor-version":[{"id":2853,"href":"https:\/\/patvorys.lt\/en\/wp-json\/wp\/v2\/pages\/20\/revisions\/2853"}],"wp:featuredmedia":[{"embeddable":true,"href":"https:\/\/patvorys.lt\/en\/wp-json\/wp\/v2\/media\/3945"}],"wp:attachment":[{"href":"https:\/\/patvorys.lt\/en\/wp-json\/wp\/v2\/media?parent=20"}],"curies":[{"name":"wp","href":"https:\/\/api.w.org\/{rel}","templated":true}]}}